{"id":12,"date":"2025-08-07T00:48:28","date_gmt":"2025-08-07T00:48:28","guid":{"rendered":"https:\/\/ufaamaxbet.com\/?page_id=12"},"modified":"2025-08-07T01:15:39","modified_gmt":"2025-08-07T01:15:39","slug":"blog","status":"publish","type":"page","link":"https:\/\/ufaamaxbet.com\/?page_id=12","title":{"rendered":"BLOG"},"content":{"rendered":"\t\t<div data-elementor-type=\"wp-page\" data-elementor-id=\"12\" class=\"elementor elementor-12\" data-elementor-post-type=\"page\">\n\t\t\t\t\t\t<section class=\"elementor-section elementor-top-section elementor-element elementor-element-2699a0a elementor-section-boxed elementor-section-height-default elementor-section-height-default\" data-id=\"2699a0a\" data-element_type=\"section\" data-e-type=\"section\">\n\t\t\t\t\t\t<div class=\"elementor-container elementor-column-gap-default\">\n\t\t\t\t\t<div class=\"elementor-column elementor-col-100 elementor-top-column elementor-element elementor-element-8be8b36\" data-id=\"8be8b36\" data-element_type=\"column\" data-e-type=\"column\">\n\t\t\t<div class=\"elementor-widget-wrap elementor-element-populated\">\n\t\t\t\t\t\t<div class=\"elementor-element elementor-element-8ff6869 elementor-grid-3 elementor-grid-tablet-2 elementor-grid-mobile-1 elementor-posts--thumbnail-top elementor-widget elementor-widget-posts\" data-id=\"8ff6869\" data-element_type=\"widget\" data-e-type=\"widget\" data-settings=\"{&quot;classic_columns&quot;:&quot;3&quot;,&quot;classic_columns_tablet&quot;:&quot;2&quot;,&quot;classic_columns_mobile&quot;:&quot;1&quot;,&quot;classic_row_gap&quot;:{&quot;unit&quot;:&quot;px&quot;,&quot;size&quot;:35,&quot;sizes&quot;:[]},&quot;classic_row_gap_tablet&quot;:{&quot;unit&quot;:&quot;px&quot;,&quot;size&quot;:&quot;&quot;,&quot;sizes&quot;:[]},&quot;classic_row_gap_mobile&quot;:{&quot;unit&quot;:&quot;px&quot;,&quot;size&quot;:&quot;&quot;,&quot;sizes&quot;:[]}}\" data-widget_type=\"posts.classic\">\n\t\t\t\t<div class=\"elementor-widget-container\">\n\t\t\t\t\t\t\t<div class=\"elementor-posts-container elementor-posts elementor-posts--skin-classic elementor-grid\" role=\"list\">\n\t\t\t\t<article class=\"elementor-post elementor-grid-item post-126 post type-post status-publish format-standard hentry category-uncategorized\" role=\"listitem\">\n\t\t\t\t<div class=\"elementor-post__text\">\n\t\t\t\t<h3 class=\"elementor-post__title\">\n\t\t\t<a href=\"https:\/\/ufaamaxbet.com\/?p=126\" >\n\t\t\t\tJakie metody wyp\u0142aty s\u0105 najszybsze w kasynie Big Buffalo?\t\t\t<\/a>\n\t\t<\/h3>\n\t\t\n\t\t<a class=\"elementor-post__read-more\" href=\"https:\/\/ufaamaxbet.com\/?p=126\" aria-label=\"Read more about Jakie metody wyp\u0142aty s\u0105 najszybsze w kasynie Big Buffalo?\" tabindex=\"-1\" >\n\t\t\tRead More \u00bb\t\t<\/a>\n\n\t\t\t\t<\/div>\n\t\t\t\t<\/article>\n\t\t\t\t<article class=\"elementor-post elementor-grid-item post-122 post type-post status-publish format-standard hentry category-uncategorized\" role=\"listitem\">\n\t\t\t\t<div class=\"elementor-post__text\">\n\t\t\t\t<h3 class=\"elementor-post__title\">\n\t\t\t<a href=\"https:\/\/ufaamaxbet.com\/?p=122\" >\n\t\t\t\tFenikss Casino Ekspertu P\u0101rskats: K\u0101p\u0113c Tas ir Tik Popul\u0101rs Latvij\u0101\t\t\t<\/a>\n\t\t<\/h3>\n\t\t\n\t\t<a class=\"elementor-post__read-more\" href=\"https:\/\/ufaamaxbet.com\/?p=122\" aria-label=\"Read more about Fenikss Casino Ekspertu P\u0101rskats: K\u0101p\u0113c Tas ir Tik Popul\u0101rs Latvij\u0101\" tabindex=\"-1\" >\n\t\t\tRead More \u00bb\t\t<\/a>\n\n\t\t\t\t<\/div>\n\t\t\t\t<\/article>\n\t\t\t\t<article class=\"elementor-post elementor-grid-item post-63 post type-post status-publish format-standard has-post-thumbnail hentry category-uncategorized\" role=\"listitem\">\n\t\t\t\t<a class=\"elementor-post__thumbnail__link\" href=\"https:\/\/ufaamaxbet.com\/?p=63\" tabindex=\"-1\" >\n\t\t\t<div class=\"elementor-post__thumbnail\"><img fetchpriority=\"high\" decoding=\"async\" width=\"1040\" height=\"538\" src=\"https:\/\/ufaamaxbet.com\/wp-content\/uploads\/2025\/08\/2-36.jpg\" class=\"attachment-full size-full wp-image-87\" alt=\"\" srcset=\"https:\/\/ufaamaxbet.com\/wp-content\/uploads\/2025\/08\/2-36.jpg 1040w, https:\/\/ufaamaxbet.com\/wp-content\/uploads\/2025\/08\/2-36-300x155.jpg 300w, https:\/\/ufaamaxbet.com\/wp-content\/uploads\/2025\/08\/2-36-1024x530.jpg 1024w, https:\/\/ufaamaxbet.com\/wp-content\/uploads\/2025\/08\/2-36-768x397.jpg 768w\" sizes=\"(max-width: 1040px) 100vw, 1040px\" \/><\/div>\n\t\t<\/a>\n\t\t\t\t<div class=\"elementor-post__text\">\n\t\t\t\t<h3 class=\"elementor-post__title\">\n\t\t\t<a href=\"https:\/\/ufaamaxbet.com\/?p=63\" >\n\t\t\t\t\u0e1a\u0e23\u0e34\u0e01\u0e32\u0e23\u0e23\u0e30\u0e14\u0e31\u0e1a\u0e1e\u0e23\u0e35\u0e40\u0e21\u0e35\u0e22\u0e21\t\t\t<\/a>\n\t\t<\/h3>\n\t\t\n\t\t<a class=\"elementor-post__read-more\" href=\"https:\/\/ufaamaxbet.com\/?p=63\" aria-label=\"Read more about \u0e1a\u0e23\u0e34\u0e01\u0e32\u0e23\u0e23\u0e30\u0e14\u0e31\u0e1a\u0e1e\u0e23\u0e35\u0e40\u0e21\u0e35\u0e22\u0e21\" tabindex=\"-1\" >\n\t\t\tRead More \u00bb\t\t<\/a>\n\n\t\t\t\t<\/div>\n\t\t\t\t<\/article>\n\t\t\t\t<\/div>\n\t\t\n\t\t\t\t\t\t<\/div>\n\t\t\t\t<\/div>\n\t\t\t\t\t<\/div>\n\t\t<\/div>\n\t\t\t\t\t<\/div>\n\t\t<\/section>\n\t\t\t\t<\/div>\n\t\t","protected":false},"excerpt":{"rendered":"","protected":false},"author":1,"featured_media":0,"parent":0,"menu_order":0,"comment_status":"closed","ping_status":"closed","template":"","meta":{"footnotes":""},"class_list":["post-12","page","type-page","status-publish","hentry"],"yoast_head":"<!-- This site is optimized with the Yoast SEO plugin v27.2 - https:\/\/yoast.com\/product\/yoast-seo-wordpress\/ -->\n<title>BLOG - My Test Blog<\/title>\n<meta name=\"robots\" content=\"index, follow, max-snippet:-1, max-image-preview:large, max-video-preview:-1\" \/>\n<link rel=\"canonical\" href=\"https:\/\/ufaamaxbet.com\/?page_id=12\" \/>\n<meta property=\"og:locale\" content=\"en_US\" \/>\n<meta property=\"og:type\" content=\"article\" \/>\n<meta property=\"og:title\" content=\"BLOG - My Test Blog\" \/>\n<meta property=\"og:url\" content=\"https:\/\/ufaamaxbet.com\/?page_id=12\" \/>\n<meta property=\"og:site_name\" content=\"My Test Blog\" \/>\n<meta property=\"article:modified_time\" content=\"2025-08-07T01:15:39+00:00\" \/>\n<meta name=\"twitter:card\" content=\"summary_large_image\" \/>\n<script type=\"application\/ld+json\" class=\"yoast-schema-graph\">{\"@context\":\"https:\/\/schema.org\",\"@graph\":[{\"@type\":\"WebPage\",\"@id\":\"https:\/\/ufaamaxbet.com\/?page_id=12\",\"url\":\"https:\/\/ufaamaxbet.com\/?page_id=12\",\"name\":\"BLOG - My Test Blog\",\"isPartOf\":{\"@id\":\"https:\/\/ufaamaxbet.com\/#website\"},\"datePublished\":\"2025-08-07T00:48:28+00:00\",\"dateModified\":\"2025-08-07T01:15:39+00:00\",\"breadcrumb\":{\"@id\":\"https:\/\/ufaamaxbet.com\/?page_id=12#breadcrumb\"},\"inLanguage\":\"en-US\",\"potentialAction\":[{\"@type\":\"ReadAction\",\"target\":[\"https:\/\/ufaamaxbet.com\/?page_id=12\"]}]},{\"@type\":\"BreadcrumbList\",\"@id\":\"https:\/\/ufaamaxbet.com\/?page_id=12#breadcrumb\",\"itemListElement\":[{\"@type\":\"ListItem\",\"position\":1,\"name\":\"Home\",\"item\":\"https:\/\/ufaamaxbet.com\/\"},{\"@type\":\"ListItem\",\"position\":2,\"name\":\"BLOG\"}]},{\"@type\":\"WebSite\",\"@id\":\"https:\/\/ufaamaxbet.com\/#website\",\"url\":\"https:\/\/ufaamaxbet.com\/\",\"name\":\"My Test Blog\",\"description\":\"\",\"publisher\":{\"@id\":\"https:\/\/ufaamaxbet.com\/#organization\"},\"potentialAction\":[{\"@type\":\"SearchAction\",\"target\":{\"@type\":\"EntryPoint\",\"urlTemplate\":\"https:\/\/ufaamaxbet.com\/?s={search_term_string}\"},\"query-input\":{\"@type\":\"PropertyValueSpecification\",\"valueRequired\":true,\"valueName\":\"search_term_string\"}}],\"inLanguage\":\"en-US\"},{\"@type\":\"Organization\",\"@id\":\"https:\/\/ufaamaxbet.com\/#organization\",\"name\":\"My Test Blog\",\"url\":\"https:\/\/ufaamaxbet.com\/\",\"logo\":{\"@type\":\"ImageObject\",\"inLanguage\":\"en-US\",\"@id\":\"https:\/\/ufaamaxbet.com\/#\/schema\/logo\/image\/\",\"url\":\"https:\/\/ufaamaxbet.com\/wp-content\/uploads\/2025\/08\/ufamaxbet1-1.png\",\"contentUrl\":\"https:\/\/ufaamaxbet.com\/wp-content\/uploads\/2025\/08\/ufamaxbet1-1.png\",\"width\":350,\"height\":100,\"caption\":\"My Test Blog\"},\"image\":{\"@id\":\"https:\/\/ufaamaxbet.com\/#\/schema\/logo\/image\/\"}}]}<\/script>\n<!-- \/ Yoast SEO plugin. -->","yoast_head_json":{"title":"BLOG - My Test Blog","robots":{"index":"index","follow":"follow","max-snippet":"max-snippet:-1","max-image-preview":"max-image-preview:large","max-video-preview":"max-video-preview:-1"},"canonical":"https:\/\/ufaamaxbet.com\/?page_id=12","og_locale":"en_US","og_type":"article","og_title":"BLOG - My Test Blog","og_url":"https:\/\/ufaamaxbet.com\/?page_id=12","og_site_name":"My Test Blog","article_modified_time":"2025-08-07T01:15:39+00:00","twitter_card":"summary_large_image","schema":{"@context":"https:\/\/schema.org","@graph":[{"@type":"WebPage","@id":"https:\/\/ufaamaxbet.com\/?page_id=12","url":"https:\/\/ufaamaxbet.com\/?page_id=12","name":"BLOG - My Test Blog","isPartOf":{"@id":"https:\/\/ufaamaxbet.com\/#website"},"datePublished":"2025-08-07T00:48:28+00:00","dateModified":"2025-08-07T01:15:39+00:00","breadcrumb":{"@id":"https:\/\/ufaamaxbet.com\/?page_id=12#breadcrumb"},"inLanguage":"en-US","potentialAction":[{"@type":"ReadAction","target":["https:\/\/ufaamaxbet.com\/?page_id=12"]}]},{"@type":"BreadcrumbList","@id":"https:\/\/ufaamaxbet.com\/?page_id=12#breadcrumb","itemListElement":[{"@type":"ListItem","position":1,"name":"Home","item":"https:\/\/ufaamaxbet.com\/"},{"@type":"ListItem","position":2,"name":"BLOG"}]},{"@type":"WebSite","@id":"https:\/\/ufaamaxbet.com\/#website","url":"https:\/\/ufaamaxbet.com\/","name":"My Test Blog","description":"","publisher":{"@id":"https:\/\/ufaamaxbet.com\/#organization"},"potentialAction":[{"@type":"SearchAction","target":{"@type":"EntryPoint","urlTemplate":"https:\/\/ufaamaxbet.com\/?s={search_term_string}"},"query-input":{"@type":"PropertyValueSpecification","valueRequired":true,"valueName":"search_term_string"}}],"inLanguage":"en-US"},{"@type":"Organization","@id":"https:\/\/ufaamaxbet.com\/#organization","name":"My Test Blog","url":"https:\/\/ufaamaxbet.com\/","logo":{"@type":"ImageObject","inLanguage":"en-US","@id":"https:\/\/ufaamaxbet.com\/#\/schema\/logo\/image\/","url":"https:\/\/ufaamaxbet.com\/wp-content\/uploads\/2025\/08\/ufamaxbet1-1.png","contentUrl":"https:\/\/ufaamaxbet.com\/wp-content\/uploads\/2025\/08\/ufamaxbet1-1.png","width":350,"height":100,"caption":"My Test Blog"},"image":{"@id":"https:\/\/ufaamaxbet.com\/#\/schema\/logo\/image\/"}}]}},"_links":{"self":[{"href":"https:\/\/ufaamaxbet.com\/index.php?rest_route=\/wp\/v2\/pages\/12","targetHints":{"allow":["GET"]}}],"collection":[{"href":"https:\/\/ufaamaxbet.com\/index.php?rest_route=\/wp\/v2\/pages"}],"about":[{"href":"https:\/\/ufaamaxbet.com\/index.php?rest_route=\/wp\/v2\/types\/page"}],"author":[{"embeddable":true,"href":"https:\/\/ufaamaxbet.com\/index.php?rest_route=\/wp\/v2\/users\/1"}],"replies":[{"embeddable":true,"href":"https:\/\/ufaamaxbet.com\/index.php?rest_route=%2Fwp%2Fv2%2Fcomments&post=12"}],"version-history":[{"count":5,"href":"https:\/\/ufaamaxbet.com\/index.php?rest_route=\/wp\/v2\/pages\/12\/revisions"}],"predecessor-version":[{"id":26,"href":"https:\/\/ufaamaxbet.com\/index.php?rest_route=\/wp\/v2\/pages\/12\/revisions\/26"}],"wp:attachment":[{"href":"https:\/\/ufaamaxbet.com\/index.php?rest_route=%2Fwp%2Fv2%2Fmedia&parent=12"}],"curies":[{"name":"wp","href":"https:\/\/api.w.org\/{rel}","templated":true}]}}